{"id":7135,"date":"2017-08-02T11:32:50","date_gmt":"2017-08-02T09:32:50","guid":{"rendered":"https:\/\/laszlo-music.com\/?page_id=7135\/"},"modified":"2022-01-10T01:27:00","modified_gmt":"2022-01-10T00:27:00","slug":"laszlo-maleczky-opera-tenor-en","status":"publish","type":"page","link":"https:\/\/laszlo-music.com\/en\/laszlo-maleczky-opera-tenor-en\/","title":{"rendered":"LASZLO MALECZKY &#8211; OPERA TENOR"},"content":{"rendered":"<p>[vc_row 0=&#8221;&#8221; iron_row_type=&#8221;in_container&#8221; iron_remove_padding_medium=&#8221;&#8221; iron_remove_padding_small=&#8221;&#8221; iron_overlay_pattern=&#8221;&#8221; iron_parallax=&#8221;&#8221; iron_bg_video=&#8221;&#8221;][vc_column css=&#8221;.vc_custom_1500974108301{margin-right: 5px !important;margin-left: 5px !important;}&#8221;][vc_column_text]<\/p>\n<h3>THE SINGER<\/h3>\n<p>[\/vc_column_text][vc_column_text 0=&#8221;&#8221;]<strong>Laszlo Maleczky<\/strong>completed his classical singing training at the Conservatory in Vienna as well as at the Vienna University of Music and with well-known singing teachers.<\/p>\n<p>&nbsp;<\/p>\n<p>In order to perfect his vocal technique, he attended various master classes, courses and workshops.<\/p>\n<p>&nbsp;<\/p>\n<p>He sang performances, concerts and tours all over Europe and his engagements brought him even to China. After a few years as a guest soloist at the Vienna Volksoper, he became a member of the ensemble and solo singer there.<\/p>\n<p>&nbsp;<\/p>\n<p>He worked with such well-known directors as <strong><a href=\"https:\/\/de.wikipedia.org\/wiki\/Thomas_Langhoff\" target=\"_blank\" rel=\"noopener\">Thomas Langhoff<\/a><\/strong>, <a href=\"https:\/\/de.wikipedia.org\/wiki\/Robert_Herzl\" target=\"_blank\" rel=\"noopener\"><strong>Robert Herzl<\/strong><\/a>, <a href=\"https:\/\/en.wikipedia.org\/wiki\/Francesca_Zambello\" target=\"_blank\" rel=\"noopener\"><strong>Francesca Zambello<\/strong><\/a> und Bernd Palma und Dirigenten wie <a href=\"http:\/\/www.sebastianweigle.com\" target=\"_blank\" rel=\"noopener\"><strong>Sebastian Weigle<\/strong><\/a>, <a href=\"https:\/\/de.wikipedia.org\/wiki\/Gustav_Kuhn\" target=\"_blank\" rel=\"noopener\"><strong>Gustav Kuhn<\/strong><\/a>, <strong><a href=\"https:\/\/de.wikipedia.org\/wiki\/Rudolf_Bibl_(Dirigent)\" target=\"_blank\" rel=\"noopener\">Rudolf Bibl<\/a><\/strong>, <a href=\"https:\/\/de.wikipedia.org\/wiki\/Alfred_Eschw%C3%A9\" target=\"_blank\" rel=\"noopener\"><strong>Alfred Eschw\u00e9<\/strong><\/a>, <strong><a href=\"http:\/\/www.stefanlano.com\" target=\"_blank\" rel=\"noopener\">Stefan Lano<\/a><\/strong>.<\/p>\n<p>&nbsp;<\/p>\n<p>After successful years at the <a href=\"https:\/\/de.wikipedia.org\/wiki\/Volksoper_Wien\" target=\"_blank\" rel=\"noopener\"><strong>Vienna Volksoper<\/strong><\/a>, he decided to work as a freelance opera and concert singer again. His engagements have taken him to the lake stage of the <a href=\"https:\/\/de.wikipedia.org\/wiki\/Bregenzer_Festspiele\" target=\"_blank\" rel=\"noopener\"><strong>Bregenz Festival<\/strong><\/a>, to the Ronacher in Vienna, to the <a href=\"https:\/\/de.wikipedia.org\/wiki\/Musikalische_Kom%C3%B6die\" target=\"_blank\" rel=\"noopener\"><strong>Musical Comedy Leipzig<\/strong><\/a>, the <a href=\"http:\/\/www.tiroler-festspiele.at\/\" target=\"_blank\" rel=\"noopener\"><strong>Tyrolean Festival Erl<\/strong><\/a> and to numerous theaters and festivals all over Europe.<\/p>\n<p>&nbsp;<\/p>\n<p><a href=\"https:\/\/youtu.be\/UZtafVgs6kU\" target=\"_blank\" rel=\"noopener\">With demanding tenor parts like &#8220;Tamino&#8221; in DIE ZAUBERFL\u00d6TE by W.A. Mozart<\/a>, the &#8220;Duke of Mantua&#8221; in RIGOLETTO, began his operatic career. As the voice matured, demanding roles such as &#8220;Don Jos\u00e9&#8221; in CARMEN by Bizet or the &#8220;Prinz&#8221; in RUSALKA by Antonin Ddvo\u0159\u00e1k were added.<\/p>\n<p>But also in tenor leading roles in operettas such as; COUNTESS MARIZA and DIE CSARDASF\u00dcRSTIN and the title role in DER ZIGEUNERBARON by Johann Strauss and many others, he has proven his versatility. <a href=\"https:\/\/youtu.be\/u0tgaokRNBM\" target=\"_blank\" rel=\"noopener\">The comedic tenor &#8220;Alfred&#8221; in DIE FLEDERMAUS by Johann Strauss is also one of his star roles<\/a> <a href=\"https:\/\/laszlo-music.com\/laszlo-tenor-herzschlag-repertoire\/\" target=\"_blank\" rel=\"noopener\">(see also classical repertoire).<\/a><\/p>\n<p>&nbsp;<\/p>\n<p>In the last few years his voice has developed more and more into the so-called &#8220;youthful heroic tenor&#8221; and new, beautiful challenges await him. In 2018 he sang his first role in his first Wagner opera. Under the conductors Gustav Kuhn and Michael G\u00fcttler he could be heard in the role of the 1st Knight of the Grail in PARSIFAL at the renowned Erl Festival in Austria.<\/p>\n<p>&nbsp;<\/p>\n<p>In addition to his vocal training, he also has a solid acting education.[\/vc_column_text][vc_empty_space height=&#8221;32&#8243;][\/vc_column][\/vc_row][vc_row iron_row_type=&#8221;in_container&#8221; iron_remove_padding_medium=&#8221;&#8221; iron_remove_padding_small=&#8221;&#8221; iron_overlay_pattern=&#8221;&#8221; iron_parallax=&#8221;&#8221; iron_bg_video=&#8221;&#8221;][vc_column][vc_column_text]<\/p>\n<h3>THE VOICE<\/h3>\n<p>[\/vc_column_text][vc_column_text]He has an opera tenor voice &#8211; technical term: lyrical spinto tenor or also: youthful heroic tenor.<\/p>\n<p>The voice is darkly colored in the lower registers and has brilliant highs.<\/p>\n<p>The vocal sound can be very soft and light to strong, metallic.<\/p>\n<p>Voice range with classic sound: over 2 octaves \/ A-d \u2019\u2019.<\/p>\n<p>His voice is also characterized by a pronounced singer formant at approx. 2800 Hz. This amplification of the vocal frequency makes opera voices extremely sustaining and very audible even with a loud orchestra.[\/vc_column_text][vc_empty_space][vc_column_text]<\/p>\n<blockquote><p><a href=\"https:\/\/laszlo-music.com\/en\/contact\/\" target=\"_blank\" rel=\"noopener\">We are happy to receive inquiries for possible engagements, concerts and gala performances with the classical tenor repertoire via our contact page<\/a><br \/>\n<a href=\"https:\/\/laszlo-music.com\/en\/contact\/\">Contact &#8211; Booking &#8211; Laszlo Maleczky<\/a><\/p><\/blockquote>\n<p>[\/vc_column_text][\/vc_column][\/vc_row]<\/p>\n","protected":false},"excerpt":{"rendered":"<p>[vc_row 0=&#8221;&#8221; iron_row_type=&#8221;in_container&#8221; iron_remove_padding_medium=&#8221;&#8221; iron_remove_padding_small=&#8221;&#8221; iron_overlay_pattern=&#8221;&#8221; iron_parallax=&#8221;&#8221; iron_bg_video=&#8221;&#8221;][vc_column css=&#8221;.vc_custom_1500974108301{margin-right: 5px !important;margin-left: 5px !important;}&#8221;][vc_column_text] THE SINGER [\/vc_column_text][vc_column_text 0=&#8221;&#8221;]Laszlo Maleczkycompleted his classical singing training at the Conservatory in Vienna as well as at the Vienna University of Music and with well-known singing teachers. &nbsp; In order to perfect his vocal technique, he attended various master classes, courses and workshops. &nbsp; He sang performances, concerts and tours all over Europe and his engagements brought him even to China. After a few years as [&hellip;]<\/p>\n","protected":false},"author":790,"featured_media":9261,"parent":0,"menu_order":19,"comment_status":"closed","ping_status":"closed","template":"","meta":[],"yoast_head":"<!-- This site is optimized with the Yoast SEO plugin v20.12 - https:\/\/yoast.com\/wordpress\/plugins\/seo\/ -->\n<title>LASZLO MALECZKY - OPERA TENOR - LYRICO SPINOT<\/title>\n<meta name=\"description\" content=\"LASZLO MALECZKY AS OPERA SINGER | EDUCATION | CAREER | ROLES IN OPERA AND OPERETTA | INFORMATION ABOUT LASZLO MALECZKY&#039;S TENOR VOICE\" \/>\n<meta name=\"robots\" content=\"index, follow, max-snippet:-1, max-image-preview:large, max-video-preview:-1\" \/>\n<link rel=\"canonical\" href=\"https:\/\/laszlo-music.com\/en\/laszlo-maleczky-opera-tenor-en\/\" \/>\n<meta property=\"og:locale\" content=\"en_US\" \/>\n<meta property=\"og:type\" content=\"article\" \/>\n<meta property=\"og:title\" content=\"LASZLO MALECZKY - OPERA TENOR - LYRICO SPINOT\" \/>\n<meta property=\"og:description\" content=\"LASZLO MALECZKY AS OPERA SINGER | EDUCATION | CAREER | ROLES IN OPERA AND OPERETTA | INFORMATION ABOUT LASZLO MALECZKY&#039;S TENOR VOICE\" \/>\n<meta property=\"og:url\" content=\"https:\/\/laszlo-music.com\/en\/laszlo-maleczky-opera-tenor-en\/\" \/>\n<meta property=\"og:site_name\" content=\"OPERA TENOR - LASZLO MALECZKY\" \/>\n<meta property=\"article:modified_time\" content=\"2022-01-10T00:27:00+00:00\" \/>\n<meta property=\"og:image\" content=\"https:\/\/laszlo-music.com\/wp-content\/uploads\/2022\/01\/LASZLO-TENOR-MALECZKY-ZAUBERFLOETE-TAMINO-MAGIC-FLUTE-MOZART-ADORO-IMPULSO-TENORS-OPERA-OPER-WEBSITE-1.jpg\" \/>\n\t<meta property=\"og:image:width\" content=\"2200\" \/>\n\t<meta property=\"og:image:height\" content=\"730\" \/>\n\t<meta property=\"og:image:type\" content=\"image\/jpeg\" \/>\n<meta name=\"twitter:card\" content=\"summary_large_image\" \/>\n<meta name=\"twitter:label1\" content=\"Est. reading time\" \/>\n\t<meta name=\"twitter:data1\" content=\"3 minutes\" \/>\n<script type=\"application\/ld+json\" class=\"yoast-schema-graph\">{\"@context\":\"https:\/\/schema.org\",\"@graph\":[{\"@type\":\"WebPage\",\"@id\":\"https:\/\/laszlo-music.com\/en\/laszlo-maleczky-opera-tenor-en\/\",\"url\":\"https:\/\/laszlo-music.com\/en\/laszlo-maleczky-opera-tenor-en\/\",\"name\":\"LASZLO MALECZKY - OPERA TENOR - LYRICO SPINOT\",\"isPartOf\":{\"@id\":\"https:\/\/laszlo-music.com\/#website\"},\"datePublished\":\"2017-08-02T09:32:50+00:00\",\"dateModified\":\"2022-01-10T00:27:00+00:00\",\"description\":\"LASZLO MALECZKY AS OPERA SINGER | EDUCATION | CAREER | ROLES IN OPERA AND OPERETTA | INFORMATION ABOUT LASZLO MALECZKY'S TENOR VOICE\",\"breadcrumb\":{\"@id\":\"https:\/\/laszlo-music.com\/en\/laszlo-maleczky-opera-tenor-en\/#breadcrumb\"},\"inLanguage\":\"en-US\",\"potentialAction\":[{\"@type\":\"ReadAction\",\"target\":[\"https:\/\/laszlo-music.com\/en\/laszlo-maleczky-opera-tenor-en\/\"]}]},{\"@type\":\"BreadcrumbList\",\"@id\":\"https:\/\/laszlo-music.com\/en\/laszlo-maleczky-opera-tenor-en\/#breadcrumb\",\"itemListElement\":[{\"@type\":\"ListItem\",\"position\":1,\"name\":\"Startseite\",\"item\":\"https:\/\/laszlo-music.com\/en\/offizielle-website-3\/\"},{\"@type\":\"ListItem\",\"position\":2,\"name\":\"LASZLO MALECZKY &#8211; OPERA TENOR\"}]},{\"@type\":\"WebSite\",\"@id\":\"https:\/\/laszlo-music.com\/#website\",\"url\":\"https:\/\/laszlo-music.com\/\",\"name\":\"OPERA TENOR - LASZLO MALECZKY\",\"description\":\"LASZLO | OPERN TENOR | KLASSIK-POP-TENOR | TENOR BEI IMPULSO\",\"potentialAction\":[{\"@type\":\"SearchAction\",\"target\":{\"@type\":\"EntryPoint\",\"urlTemplate\":\"https:\/\/laszlo-music.com\/?s={search_term_string}\"},\"query-input\":\"required name=search_term_string\"}],\"inLanguage\":\"en-US\"}]}<\/script>\n<!-- \/ Yoast SEO plugin. -->","yoast_head_json":{"title":"LASZLO MALECZKY - OPERA TENOR - LYRICO SPINOT","description":"LASZLO MALECZKY AS OPERA SINGER | EDUCATION | CAREER | ROLES IN OPERA AND OPERETTA | INFORMATION ABOUT LASZLO MALECZKY'S TENOR VOICE","robots":{"index":"index","follow":"follow","max-snippet":"max-snippet:-1","max-image-preview":"max-image-preview:large","max-video-preview":"max-video-preview:-1"},"canonical":"https:\/\/laszlo-music.com\/en\/laszlo-maleczky-opera-tenor-en\/","og_locale":"en_US","og_type":"article","og_title":"LASZLO MALECZKY - OPERA TENOR - LYRICO SPINOT","og_description":"LASZLO MALECZKY AS OPERA SINGER | EDUCATION | CAREER | ROLES IN OPERA AND OPERETTA | INFORMATION ABOUT LASZLO MALECZKY'S TENOR VOICE","og_url":"https:\/\/laszlo-music.com\/en\/laszlo-maleczky-opera-tenor-en\/","og_site_name":"OPERA TENOR - LASZLO MALECZKY","article_modified_time":"2022-01-10T00:27:00+00:00","og_image":[{"width":2200,"height":730,"url":"https:\/\/laszlo-music.com\/wp-content\/uploads\/2022\/01\/LASZLO-TENOR-MALECZKY-ZAUBERFLOETE-TAMINO-MAGIC-FLUTE-MOZART-ADORO-IMPULSO-TENORS-OPERA-OPER-WEBSITE-1.jpg","type":"image\/jpeg"}],"twitter_card":"summary_large_image","twitter_misc":{"Est. reading time":"3 minutes"},"schema":{"@context":"https:\/\/schema.org","@graph":[{"@type":"WebPage","@id":"https:\/\/laszlo-music.com\/en\/laszlo-maleczky-opera-tenor-en\/","url":"https:\/\/laszlo-music.com\/en\/laszlo-maleczky-opera-tenor-en\/","name":"LASZLO MALECZKY - OPERA TENOR - LYRICO SPINOT","isPartOf":{"@id":"https:\/\/laszlo-music.com\/#website"},"datePublished":"2017-08-02T09:32:50+00:00","dateModified":"2022-01-10T00:27:00+00:00","description":"LASZLO MALECZKY AS OPERA SINGER | EDUCATION | CAREER | ROLES IN OPERA AND OPERETTA | INFORMATION ABOUT LASZLO MALECZKY'S TENOR VOICE","breadcrumb":{"@id":"https:\/\/laszlo-music.com\/en\/laszlo-maleczky-opera-tenor-en\/#breadcrumb"},"inLanguage":"en-US","potentialAction":[{"@type":"ReadAction","target":["https:\/\/laszlo-music.com\/en\/laszlo-maleczky-opera-tenor-en\/"]}]},{"@type":"BreadcrumbList","@id":"https:\/\/laszlo-music.com\/en\/laszlo-maleczky-opera-tenor-en\/#breadcrumb","itemListElement":[{"@type":"ListItem","position":1,"name":"Startseite","item":"https:\/\/laszlo-music.com\/en\/offizielle-website-3\/"},{"@type":"ListItem","position":2,"name":"LASZLO MALECZKY &#8211; OPERA TENOR"}]},{"@type":"WebSite","@id":"https:\/\/laszlo-music.com\/#website","url":"https:\/\/laszlo-music.com\/","name":"OPERA TENOR - LASZLO MALECZKY","description":"LASZLO | OPERN TENOR | KLASSIK-POP-TENOR | TENOR BEI IMPULSO","potentialAction":[{"@type":"SearchAction","target":{"@type":"EntryPoint","urlTemplate":"https:\/\/laszlo-music.com\/?s={search_term_string}"},"query-input":"required name=search_term_string"}],"inLanguage":"en-US"}]}},"_links":{"self":[{"href":"https:\/\/laszlo-music.com\/en\/wp-json\/wp\/v2\/pages\/7135"}],"collection":[{"href":"https:\/\/laszlo-music.com\/en\/wp-json\/wp\/v2\/pages"}],"about":[{"href":"https:\/\/laszlo-music.com\/en\/wp-json\/wp\/v2\/types\/page"}],"author":[{"embeddable":true,"href":"https:\/\/laszlo-music.com\/en\/wp-json\/wp\/v2\/users\/790"}],"replies":[{"embeddable":true,"href":"https:\/\/laszlo-music.com\/en\/wp-json\/wp\/v2\/comments?post=7135"}],"version-history":[{"count":41,"href":"https:\/\/laszlo-music.com\/en\/wp-json\/wp\/v2\/pages\/7135\/revisions"}],"predecessor-version":[{"id":9447,"href":"https:\/\/laszlo-music.com\/en\/wp-json\/wp\/v2\/pages\/7135\/revisions\/9447"}],"wp:featuredmedia":[{"embeddable":true,"href":"https:\/\/laszlo-music.com\/en\/wp-json\/wp\/v2\/media\/9261"}],"wp:attachment":[{"href":"https:\/\/laszlo-music.com\/en\/wp-json\/wp\/v2\/media?parent=7135"}],"curies":[{"name":"wp","href":"https:\/\/api.w.org\/{rel}","templated":true}]}}