{"id":7263,"date":"2017-08-12T14:53:21","date_gmt":"2017-08-12T12:53:21","guid":{"rendered":"https:\/\/laszlo-music.com\/?page_id=7263\/"},"modified":"2022-01-07T13:38:24","modified_gmt":"2022-01-07T12:38:24","slug":"personal-en","status":"publish","type":"page","link":"https:\/\/laszlo-music.com\/en\/personal-en\/","title":{"rendered":"PERSONAL OLD"},"content":{"rendered":"<p>[vc_row 0=&#8221;&#8221; iron_row_type=&#8221;in_container&#8221; iron_remove_padding_medium=&#8221;&#8221; iron_remove_padding_small=&#8221;&#8221; iron_overlay_pattern=&#8221;&#8221; iron_parallax=&#8221;&#8221; iron_bg_video=&#8221;&#8221;][vc_column css=&#8221;.vc_custom_1500974058541{margin-right: 5px !important;margin-left: 5px !important;}&#8221;][vc_column_text]<\/p>\n<h3 style=\"text-align: center;\">PERSONAL<\/h3>\n<p>[\/vc_column_text][vc_empty_space height=&#8221;40&#8243;][vc_column_text 0=&#8221;&#8221;]LASZLO was <strong>born in Stockholm\/Sweden and raised in Vienna\/Austria<\/strong>, the city of music and the great classical composers like Mozart, Beethoven, Strauss and many more. Besides this Viennese tradition of great classical composers he was fascinated by Jazz, Soul, R&amp;B, Rock- and Pop music. The latter had its greatest international known and successful interpreter from Austria in FALCO.<\/p>\n<p>He says about himself:<\/p>\n<blockquote><p>&#8220;I\u00b4m Viennese from the bottom of my heart! To say it more clearly: An international Viennese! My roots are in this city, which is a melting pot of different musical directions, epochs and cultures. The attitude to life that this city irradiates, the joy of enjoying, the sociableness, the weakness for beauty, the special humor, the playfulness, that always carries something serious inside. I always take this all with me, no matter where I am and what I am doing.&#8221;<\/p><\/blockquote>\n<p>His<strong> family roots<\/strong> go back to the formerly <strong><em>Austro-Hungarian Monarchy<\/em><\/strong>.<\/p>\n<blockquote><p>&#8220;You can call me a &#8220;Monarchy-Mix&#8221;. You will find ancestors of my family in North Italy, Austria, Hungary and Transylvania. This is noticeable in my temperament and my openness, I think.&#8221;<\/p><\/blockquote>\n<p><strong>Music and opera<\/strong> have a long tradition in the family Maleczky. They have been well sought after opera singers throughout all of Europe, for the last hundred years. Especially the opera in Budapest was bonded to the family. <strong>Josephine Maleczky<\/strong> gave her debut in a concert conducted by <strong><em>Franz Liszt<\/em> <\/strong>and sang at the Budapest opera under <strong><em>Gustav Mahler<\/em><\/strong>. <strong>Oskar Maleczky<\/strong> was conducted by <em><strong>Otto Klemperer<\/strong><\/em>. LASZLO is renewing this tradition as an opera tenor.<\/p>\n<blockquote><p>&#8220;The knowledge about the opera tradition of the family Maleczky has always inspired me. When I walk through the hallways of the Budapest opera and see everywhere the pictures of my ancestors, I feel inside a great pride and joy, before all great thankfulness, that I can continue this tradition.&#8221;<\/p><\/blockquote>\n<p>LASZLO began as a teenager to perform with bands with <strong>different musical directions<\/strong>. After a short excursion in the conservatory for Jazz and Pop singing, he changed to the Viennese University of Music, where he received an education in classical singing.<\/p>\n<blockquote><p>&#8220;I have never separated music into different genres. There is music that touches me, that speaks to me and brings something to swing in me. That is independent of what kind of music it is. For me there are no limits, not even between Classic and Pop music. It\u00b4s all about emotions&#8230; . But as a singer, my search for my personal form of expression, lead me on a way that made me an opera singer. This form of singing and expressing emotions, complies with me like no other form.&#8221;<\/p><\/blockquote>\n<p>The &#8220;Tamino&#8221; in Mozart\u2019s &#8221; The Magic Flute&#8221;, the &#8220;Alfredo&#8221; in &#8220;La Traviata&#8221; or &#8220;Duca di Mantova&#8221; in &#8220;Rigoletto&#8221; from Verdi are his prominent parts in opera. But as an Austrian and Viennese he always likes to sing Johann Strauss, L\u00e9har and K\u00e1lm\u00e1n. He had engagements at famous opera houses and festivals, like the &#8220;Wiener Volksoper&#8221;, the &#8220;Klangbogen Festival Wien&#8221; and the &#8220;Bregenz Festival&#8221;.<\/p>\n<blockquote><p>&#8220;I have the most wonderful profession in the world! Naturally I mean that totally for myself. But to be an opera singer, that is most of all a vocation for me!<br \/>\nEveryday you live with and within this great music. That is a great gift for me. To sing with my operatic voice is for me also a wonderful and very intensive physical emotion. You feel the vibrations, that you create with the breath and the vocal chord.&#8221;<\/p><\/blockquote>\n<p>But also the direction of plays, the <strong>writing of lyrics for songs and theatre plays<\/strong> and the visual arts has been fascinating to LASZLO since ever. His artistic career gave him the opportunity to be successful in this field of art too.<\/p>\n<blockquote><p>&#8220;Everything that is artistic attracted me magically since my early childhood and this attraction has never stopped. I\u00b4m very thankful, that I have the opportunity to live this passion over and over again. I have directed, written plays and lyrics for theatre pieces and now I\u00b4m co-author for the lyrics on the new ADORO release &#8220;TR\u00c4UME&#8221; (DREAMS).&#8221;<\/p><\/blockquote>\n<p>&#8211; But beside all these intense activities LASZLO is also a man, who enjoys life intensively. Travelling, good food, delicious wines, the Viennese coffee culture, visits of operas and concerts, cinema, and the unhurried-being-together and the exchange with friends are an important part of his life.<\/p>\n<blockquote><p>&#8220;I\u00b4m a man who enjoys the pleasures of life! My intensive, artistic activity wouldn\u00b4t be possible, without this ability to enjoy all the senses, to exchange with other people, to absorb impressions and to devote myself to the beautiful moments of life. I put all of this into my singing and my artistic activities. Maybe this is the reason why so many people enjoy what I\u00b4m able to give them as an artist.&#8221;<\/p><\/blockquote>\n<p>[\/vc_column_text][vc_empty_space height=&#8221;40&#8243;][vc_column_text]<\/p>\n<h4><a href=\"https:\/\/laszlo-music.com\/en\/inforamtion-maleczky-opera-dynasty\/\" target=\"_blank\" rel=\"noopener\">You can find out more about the roots of Laszlo Maleczky at:<\/a><\/h4>\n<p><a href=\"https:\/\/laszlo-music.com\/en\/inforamtion-maleczky-opera-dynasty\/\" target=\"_blank\" rel=\"noopener\">&#8220;THE MALECZKY&#8217;S OPERA SINGER DYNASTY&#8221;<\/a>[\/vc_column_text][\/vc_column][\/vc_row]<\/p>\n","protected":false},"excerpt":{"rendered":"<p>[vc_row 0=&#8221;&#8221; iron_row_type=&#8221;in_container&#8221; iron_remove_padding_medium=&#8221;&#8221; iron_remove_padding_small=&#8221;&#8221; iron_overlay_pattern=&#8221;&#8221; iron_parallax=&#8221;&#8221; iron_bg_video=&#8221;&#8221;][vc_column css=&#8221;.vc_custom_1500974058541{margin-right: 5px !important;margin-left: 5px !important;}&#8221;][vc_column_text] PERSONAL [\/vc_column_text][vc_empty_space height=&#8221;40&#8243;][vc_column_text 0=&#8221;&#8221;]LASZLO was born in Stockholm\/Sweden and raised in Vienna\/Austria, the city of music and the great classical composers like Mozart, Beethoven, Strauss and many more. Besides this Viennese tradition of great classical composers he was fascinated by Jazz, Soul, R&amp;B, Rock- and Pop music. The latter had its greatest international known and successful interpreter from Austria in FALCO. He says about himself: &#8220;I\u00b4m Viennese [&hellip;]<\/p>\n","protected":false},"author":790,"featured_media":9336,"parent":0,"menu_order":35,"comment_status":"closed","ping_status":"closed","template":"","meta":[],"yoast_head":"<!-- This site is optimized with the Yoast SEO plugin v20.12 - https:\/\/yoast.com\/wordpress\/plugins\/seo\/ -->\n<title>PERSONAL OLD - OPERA TENOR - LASZLO MALECZKY<\/title>\n<meta name=\"robots\" content=\"index, follow, max-snippet:-1, max-image-preview:large, max-video-preview:-1\" \/>\n<link rel=\"canonical\" href=\"https:\/\/laszlo-music.com\/en\/personal-en\/\" \/>\n<meta property=\"og:locale\" content=\"en_US\" \/>\n<meta property=\"og:type\" content=\"article\" \/>\n<meta property=\"og:title\" content=\"PERSONAL OLD - OPERA TENOR - LASZLO MALECZKY\" \/>\n<meta property=\"og:description\" content=\"[vc_row 0=&#8221;&#8221; iron_row_type=&#8221;in_container&#8221; iron_remove_padding_medium=&#8221;&#8221; iron_remove_padding_small=&#8221;&#8221; iron_overlay_pattern=&#8221;&#8221; iron_parallax=&#8221;&#8221; iron_bg_video=&#8221;&#8221;][vc_column css=&#8221;.vc_custom_1500974058541{margin-right: 5px !important;margin-left: 5px !important;}&#8221;][vc_column_text] PERSONAL [\/vc_column_text][vc_empty_space height=&#8221;40&#8243;][vc_column_text 0=&#8221;&#8221;]LASZLO was born in Stockholm\/Sweden and raised in Vienna\/Austria, the city of music and the great classical composers like Mozart, Beethoven, Strauss and many more. Besides this Viennese tradition of great classical composers he was fascinated by Jazz, Soul, R&amp;B, Rock- and Pop music. The latter had its greatest international known and successful interpreter from Austria in FALCO. He says about himself: &#8220;I\u00b4m Viennese [&hellip;]\" \/>\n<meta property=\"og:url\" content=\"https:\/\/laszlo-music.com\/en\/personal-en\/\" \/>\n<meta property=\"og:site_name\" content=\"OPERA TENOR - LASZLO MALECZKY\" \/>\n<meta property=\"article:modified_time\" content=\"2022-01-07T12:38:24+00:00\" \/>\n<meta property=\"og:image\" content=\"https:\/\/laszlo-music.com\/wp-content\/uploads\/2022\/01\/LASZLO-TENOR-MALECZKY-OPERN-SAENGER-OPERA-SINGER-IMPULSO-TENORS-ADORO-VOICE-EXPERT-STIMM-EXPERTE-LOVE-MUSIC-FOTOS-ALEX-LIST_FINAL_BEITRAGSBILD_11-scaled.jpg\" \/>\n\t<meta property=\"og:image:width\" content=\"2560\" \/>\n\t<meta property=\"og:image:height\" content=\"851\" \/>\n\t<meta property=\"og:image:type\" content=\"image\/jpeg\" \/>\n<meta name=\"twitter:card\" content=\"summary_large_image\" \/>\n<meta name=\"twitter:label1\" content=\"Est. reading time\" \/>\n\t<meta name=\"twitter:data1\" content=\"5 minutes\" \/>\n<script type=\"application\/ld+json\" class=\"yoast-schema-graph\">{\"@context\":\"https:\/\/schema.org\",\"@graph\":[{\"@type\":\"WebPage\",\"@id\":\"https:\/\/laszlo-music.com\/en\/personal-en\/\",\"url\":\"https:\/\/laszlo-music.com\/en\/personal-en\/\",\"name\":\"PERSONAL OLD - OPERA TENOR - LASZLO MALECZKY\",\"isPartOf\":{\"@id\":\"https:\/\/laszlo-music.com\/#website\"},\"datePublished\":\"2017-08-12T12:53:21+00:00\",\"dateModified\":\"2022-01-07T12:38:24+00:00\",\"breadcrumb\":{\"@id\":\"https:\/\/laszlo-music.com\/en\/personal-en\/#breadcrumb\"},\"inLanguage\":\"en-US\",\"potentialAction\":[{\"@type\":\"ReadAction\",\"target\":[\"https:\/\/laszlo-music.com\/en\/personal-en\/\"]}]},{\"@type\":\"BreadcrumbList\",\"@id\":\"https:\/\/laszlo-music.com\/en\/personal-en\/#breadcrumb\",\"itemListElement\":[{\"@type\":\"ListItem\",\"position\":1,\"name\":\"Startseite\",\"item\":\"https:\/\/laszlo-music.com\/en\/offizielle-website-3\/\"},{\"@type\":\"ListItem\",\"position\":2,\"name\":\"PERSONAL OLD\"}]},{\"@type\":\"WebSite\",\"@id\":\"https:\/\/laszlo-music.com\/#website\",\"url\":\"https:\/\/laszlo-music.com\/\",\"name\":\"OPERA TENOR - LASZLO MALECZKY\",\"description\":\"LASZLO | OPERN TENOR | KLASSIK-POP-TENOR | TENOR BEI IMPULSO\",\"potentialAction\":[{\"@type\":\"SearchAction\",\"target\":{\"@type\":\"EntryPoint\",\"urlTemplate\":\"https:\/\/laszlo-music.com\/?s={search_term_string}\"},\"query-input\":\"required name=search_term_string\"}],\"inLanguage\":\"en-US\"}]}<\/script>\n<!-- \/ Yoast SEO plugin. -->","yoast_head_json":{"title":"PERSONAL OLD - OPERA TENOR - LASZLO MALECZKY","robots":{"index":"index","follow":"follow","max-snippet":"max-snippet:-1","max-image-preview":"max-image-preview:large","max-video-preview":"max-video-preview:-1"},"canonical":"https:\/\/laszlo-music.com\/en\/personal-en\/","og_locale":"en_US","og_type":"article","og_title":"PERSONAL OLD - OPERA TENOR - LASZLO MALECZKY","og_description":"[vc_row 0=&#8221;&#8221; iron_row_type=&#8221;in_container&#8221; iron_remove_padding_medium=&#8221;&#8221; iron_remove_padding_small=&#8221;&#8221; iron_overlay_pattern=&#8221;&#8221; iron_parallax=&#8221;&#8221; iron_bg_video=&#8221;&#8221;][vc_column css=&#8221;.vc_custom_1500974058541{margin-right: 5px !important;margin-left: 5px !important;}&#8221;][vc_column_text] PERSONAL [\/vc_column_text][vc_empty_space height=&#8221;40&#8243;][vc_column_text 0=&#8221;&#8221;]LASZLO was born in Stockholm\/Sweden and raised in Vienna\/Austria, the city of music and the great classical composers like Mozart, Beethoven, Strauss and many more. Besides this Viennese tradition of great classical composers he was fascinated by Jazz, Soul, R&amp;B, Rock- and Pop music. The latter had its greatest international known and successful interpreter from Austria in FALCO. He says about himself: &#8220;I\u00b4m Viennese [&hellip;]","og_url":"https:\/\/laszlo-music.com\/en\/personal-en\/","og_site_name":"OPERA TENOR - LASZLO MALECZKY","article_modified_time":"2022-01-07T12:38:24+00:00","og_image":[{"width":2560,"height":851,"url":"https:\/\/laszlo-music.com\/wp-content\/uploads\/2022\/01\/LASZLO-TENOR-MALECZKY-OPERN-SAENGER-OPERA-SINGER-IMPULSO-TENORS-ADORO-VOICE-EXPERT-STIMM-EXPERTE-LOVE-MUSIC-FOTOS-ALEX-LIST_FINAL_BEITRAGSBILD_11-scaled.jpg","type":"image\/jpeg"}],"twitter_card":"summary_large_image","twitter_misc":{"Est. reading time":"5 minutes"},"schema":{"@context":"https:\/\/schema.org","@graph":[{"@type":"WebPage","@id":"https:\/\/laszlo-music.com\/en\/personal-en\/","url":"https:\/\/laszlo-music.com\/en\/personal-en\/","name":"PERSONAL OLD - OPERA TENOR - LASZLO MALECZKY","isPartOf":{"@id":"https:\/\/laszlo-music.com\/#website"},"datePublished":"2017-08-12T12:53:21+00:00","dateModified":"2022-01-07T12:38:24+00:00","breadcrumb":{"@id":"https:\/\/laszlo-music.com\/en\/personal-en\/#breadcrumb"},"inLanguage":"en-US","potentialAction":[{"@type":"ReadAction","target":["https:\/\/laszlo-music.com\/en\/personal-en\/"]}]},{"@type":"BreadcrumbList","@id":"https:\/\/laszlo-music.com\/en\/personal-en\/#breadcrumb","itemListElement":[{"@type":"ListItem","position":1,"name":"Startseite","item":"https:\/\/laszlo-music.com\/en\/offizielle-website-3\/"},{"@type":"ListItem","position":2,"name":"PERSONAL OLD"}]},{"@type":"WebSite","@id":"https:\/\/laszlo-music.com\/#website","url":"https:\/\/laszlo-music.com\/","name":"OPERA TENOR - LASZLO MALECZKY","description":"LASZLO | OPERN TENOR | KLASSIK-POP-TENOR | TENOR BEI IMPULSO","potentialAction":[{"@type":"SearchAction","target":{"@type":"EntryPoint","urlTemplate":"https:\/\/laszlo-music.com\/?s={search_term_string}"},"query-input":"required name=search_term_string"}],"inLanguage":"en-US"}]}},"_links":{"self":[{"href":"https:\/\/laszlo-music.com\/en\/wp-json\/wp\/v2\/pages\/7263"}],"collection":[{"href":"https:\/\/laszlo-music.com\/en\/wp-json\/wp\/v2\/pages"}],"about":[{"href":"https:\/\/laszlo-music.com\/en\/wp-json\/wp\/v2\/types\/page"}],"author":[{"embeddable":true,"href":"https:\/\/laszlo-music.com\/en\/wp-json\/wp\/v2\/users\/790"}],"replies":[{"embeddable":true,"href":"https:\/\/laszlo-music.com\/en\/wp-json\/wp\/v2\/comments?post=7263"}],"version-history":[{"count":8,"href":"https:\/\/laszlo-music.com\/en\/wp-json\/wp\/v2\/pages\/7263\/revisions"}],"predecessor-version":[{"id":9135,"href":"https:\/\/laszlo-music.com\/en\/wp-json\/wp\/v2\/pages\/7263\/revisions\/9135"}],"wp:featuredmedia":[{"embeddable":true,"href":"https:\/\/laszlo-music.com\/en\/wp-json\/wp\/v2\/media\/9336"}],"wp:attachment":[{"href":"https:\/\/laszlo-music.com\/en\/wp-json\/wp\/v2\/media?parent=7263"}],"curies":[{"name":"wp","href":"https:\/\/api.w.org\/{rel}","templated":true}]}}