{"id":8905,"date":"2022-01-06T16:00:44","date_gmt":"2022-01-06T15:00:44","guid":{"rendered":"https:\/\/staging.laszlo-music.com\/repertoire-opera-operetta-concert-tenor-laszlo-maleczky\/"},"modified":"2022-02-05T21:26:40","modified_gmt":"2022-02-05T20:26:40","slug":"repertoire-opera-operetta-concert-tenor-laszlo-maleczky-en","status":"publish","type":"page","link":"https:\/\/laszlo-music.com\/en\/repertoire-opera-operetta-concert-tenor-laszlo-maleczky-en\/","title":{"rendered":"REPERTOIRE &#8211; OPERA &#8211; OPERETTA &#8211; CONCERT &#8211; TENOR &#8211; LASZLO MALECZKY"},"content":{"rendered":"<p>[vc_row iron_row_type=&#8221;in_container&#8221; iron_remove_padding_medium=&#8221;&#8221; iron_remove_padding_small=&#8221;&#8221; iron_overlay_pattern=&#8221;&#8221; iron_parallax=&#8221;&#8221; iron_bg_video=&#8221;&#8221;][vc_column][vc_column_text]<\/p>\n<h3 style=\"text-align: left;\">REPERTOIRE &#8211; OPERA<\/h3>\n<p>[\/vc_column_text][\/vc_column][\/vc_row][vc_row iron_row_type=&#8221;in_container&#8221; iron_remove_padding_medium=&#8221;&#8221; iron_remove_padding_small=&#8221;&#8221; iron_overlay_pattern=&#8221;&#8221; iron_parallax=&#8221;&#8221; iron_bg_video=&#8221;&#8221;][vc_column][vc_column_text]<\/p>\n<figure class=\"wp-block-table is-style-regular\">\n<table class=\"has-black-color has-text-color has-fixed-layout\">\n<thead>\n<tr>\n<th class=\"has-text-align-left\" data-align=\"left\">OPERA<\/th>\n<th class=\"has-text-align-left\" data-align=\"left\">COMPOSER<\/th>\n<th class=\"has-text-align-left\" data-align=\"left\">ROLE<\/th>\n<\/tr>\n<\/thead>\n<tbody>\n<tr>\n<td class=\"has-text-align-left\" data-align=\"left\">CARMEN<\/td>\n<td class=\"has-text-align-left\" data-align=\"left\">G. BIZET<\/td>\n<td class=\"has-text-align-left\" data-align=\"left\">DON JOS\u00c9<\/td>\n<\/tr>\n<tr>\n<td class=\"has-text-align-left\" data-align=\"left\">RUSALKA (German)<\/td>\n<td class=\"has-text-align-left\" data-align=\"left\">A. DVO\u0158\u00c1K<\/td>\n<td class=\"has-text-align-left\" data-align=\"left\">PRINCE<\/td>\n<\/tr>\n<tr>\n<td class=\"has-text-align-left\" data-align=\"left\">PARSIFAL<\/td>\n<td class=\"has-text-align-left\" data-align=\"left\">R. WAGNER<\/td>\n<td class=\"has-text-align-left\" data-align=\"left\">1. GRAIL KNIGHT<\/td>\n<\/tr>\n<tr>\n<td class=\"has-text-align-left\" data-align=\"left\">LA TRAVIATA<\/td>\n<td class=\"has-text-align-left\" data-align=\"left\">G. VERDI<\/td>\n<td class=\"has-text-align-left\" data-align=\"left\">ALFREDO GERMONT<\/td>\n<\/tr>\n<tr>\n<td class=\"has-text-align-left\" data-align=\"left\">THE MAGIC FLUTE<\/td>\n<td class=\"has-text-align-left\" data-align=\"left\">W.A. MOZART<\/td>\n<td class=\"has-text-align-left\" data-align=\"left\">TAMINO<\/td>\n<\/tr>\n<tr>\n<td class=\"has-text-align-left\" data-align=\"left\">RIGOLETTO<\/td>\n<td class=\"has-text-align-left\" data-align=\"left\">G. VERDI<\/td>\n<td class=\"has-text-align-left\" data-align=\"left\">DUCA DI MANTOVA<\/td>\n<\/tr>\n<tr>\n<td class=\"has-text-align-left\" data-align=\"left\">DON GIOVANNI<\/td>\n<td class=\"has-text-align-left\" data-align=\"left\">W.A. MOZART<\/td>\n<td class=\"has-text-align-left\" data-align=\"left\">DON OTTAVIO<\/td>\n<\/tr>\n<\/tbody>\n<\/table>\n<\/figure>\n<p>[\/vc_column_text][vc_column_text]<\/p>\n<h3 style=\"text-align: left;\">REPERTOIRE &#8211; OPERETTA<\/h3>\n<p>[\/vc_column_text][vc_column_text]<\/p>\n<figure class=\"wp-block-table is-style-regular\">\n<table class=\"has-black-color has-text-color has-fixed-layout\">\n<thead>\n<tr>\n<th class=\"has-text-align-left\" data-align=\"left\">OPERETTA<\/th>\n<th class=\"has-text-align-left\" data-align=\"left\">COMPOSER<\/th>\n<th class=\"has-text-align-left\" data-align=\"left\">ROLE<\/th>\n<\/tr>\n<\/thead>\n<tbody>\n<tr>\n<td class=\"has-text-align-left\" data-align=\"left\">THE GYPSY BARON<\/td>\n<td class=\"has-text-align-left\" data-align=\"left\">J. STRAUSS<\/td>\n<td class=\"has-text-align-left\" data-align=\"left\">S\u00c1NDOR BARINKAY<\/td>\n<\/tr>\n<tr>\n<td class=\"has-text-align-left\" data-align=\"left\">THE BAT<\/td>\n<td class=\"has-text-align-left\" data-align=\"left\">J. STRAUSS<\/td>\n<td class=\"has-text-align-left\" data-align=\"left\">ALFRED<\/td>\n<\/tr>\n<tr>\n<td class=\"has-text-align-left\" data-align=\"left\">A NIGHT IN VENICE<\/td>\n<td class=\"has-text-align-left\" data-align=\"left\">J. STRAUSS<\/td>\n<td class=\"has-text-align-left\" data-align=\"left\">CARAMELLO<\/td>\n<\/tr>\n<tr>\n<td class=\"has-text-align-left\" data-align=\"left\">THE GYPSY PRINCESS<\/td>\n<td class=\"has-text-align-left\" data-align=\"left\">E. K\u00c1LM\u00c1N<\/td>\n<td class=\"has-text-align-left\" data-align=\"left\">EDWIN<\/td>\n<\/tr>\n<tr>\n<td class=\"has-text-align-left\" data-align=\"left\">COUNTESS MARIZA<\/td>\n<td class=\"has-text-align-left\" data-align=\"left\">E. K\u00c1LM\u00c1N<\/td>\n<td class=\"has-text-align-left\" data-align=\"left\">TASSILO<\/td>\n<\/tr>\n<tr>\n<td class=\"has-text-align-left\" data-align=\"left\">THE CIRCUS PRINCESS<\/td>\n<td class=\"has-text-align-left\" data-align=\"left\">E. K\u00c1LM\u00c1N<\/td>\n<td class=\"has-text-align-left\" data-align=\"left\">MR. X<\/td>\n<\/tr>\n<tr>\n<td class=\"has-text-align-left\" data-align=\"left\">THE COUNT OF LUXEMBOURG<\/td>\n<td class=\"has-text-align-left\" data-align=\"left\">F. LEHAR<\/td>\n<td class=\"has-text-align-left\" data-align=\"left\">REN\u00c9 COUNT OF LUXEMBURG<\/td>\n<\/tr>\n<tr>\n<td class=\"has-text-align-left\" data-align=\"left\">THE BEGGAR STUDENT<\/td>\n<td class=\"has-text-align-left\" data-align=\"left\">C. MILL\u00d6CKER<\/td>\n<td class=\"has-text-align-left\" data-align=\"left\">JAN JANICKI<\/td>\n<\/tr>\n<tr>\n<td class=\"has-text-align-left\" data-align=\"left\">THE BIRD SELLER<\/td>\n<td class=\"has-text-align-left\" data-align=\"left\">C. ZELLER<\/td>\n<td class=\"has-text-align-left\" data-align=\"left\">COUNT STANISLAUS<\/td>\n<\/tr>\n<tr>\n<td class=\"has-text-align-left\" data-align=\"left\">VIKTORIA AND HER HUSSAR<\/td>\n<td class=\"has-text-align-left\" data-align=\"left\">P. ABRAHAM<\/td>\n<td class=\"has-text-align-left\" data-align=\"left\">STEFAN KOLTAY<\/td>\n<\/tr>\n<tr>\n<td class=\"has-text-align-left\" data-align=\"left\">SRING PARADE<\/td>\n<td class=\"has-text-align-left\" data-align=\"left\">R. STOLZ<\/td>\n<td class=\"has-text-align-left\" data-align=\"left\">GUSTL OF LAUDEGG<\/td>\n<\/tr>\n<tr>\n<td class=\"has-text-align-left\" data-align=\"left\">THE LOST WALZ<\/td>\n<td class=\"has-text-align-left\" data-align=\"left\">R. STOLZ<\/td>\n<td class=\"has-text-align-left\" data-align=\"left\">TONI HOFER<\/td>\n<\/tr>\n<tr>\n<td class=\"has-text-align-left\" data-align=\"left\">THE HOUSE OF THREE GIRLS<\/td>\n<td class=\"has-text-align-left\" data-align=\"left\">H. BERT\u00c9 | F. SCHUBERT<\/td>\n<td class=\"has-text-align-left\" data-align=\"left\">FRANZ VON SCHOBER<\/td>\n<\/tr>\n<tr>\n<td class=\"has-text-align-left\" data-align=\"left\">THE BLACK FORREST GIRL<\/td>\n<td class=\"has-text-align-left\" data-align=\"left\">L. JESSEL<\/td>\n<td class=\"has-text-align-left\" data-align=\"left\">HANS<\/td>\n<\/tr>\n<\/tbody>\n<\/table>\n<\/figure>\n<p>[\/vc_column_text][vc_column_text]<\/p>\n<h3 style=\"text-align: left;\">REPERTOIRE &#8211; MUSICAL<\/h3>\n<p>[\/vc_column_text][vc_column_text]<\/p>\n<figure class=\"wp-block-table is-style-regular\">\n<table class=\"has-black-color has-text-color has-fixed-layout\">\n<thead>\n<tr>\n<th class=\"has-text-align-left\" data-align=\"left\">MUSICAL<\/th>\n<th class=\"has-text-align-left\" data-align=\"left\">COMPOSER<\/th>\n<th class=\"has-text-align-left\" data-align=\"left\">ROLE<\/th>\n<\/tr>\n<\/thead>\n<tbody>\n<tr>\n<td class=\"has-text-align-left\" data-align=\"left\">WEST SIDE STORY<\/td>\n<td class=\"has-text-align-left\" data-align=\"left\">L. BERNSTEIN<\/td>\n<td class=\"has-text-align-left\" data-align=\"left\">TONY | RIFF<\/td>\n<\/tr>\n<tr>\n<td class=\"has-text-align-left\" data-align=\"left\">LA CAGE AUX FOLLES<\/td>\n<td class=\"has-text-align-left\" data-align=\"left\">J. HERMAN<\/td>\n<td class=\"has-text-align-left\" data-align=\"left\">JEAN-MICHEL<\/td>\n<\/tr>\n<tr>\n<td class=\"has-text-align-left\" data-align=\"left\">COLE PORTER STORY<\/td>\n<td class=\"has-text-align-left\" data-align=\"left\">E. GEDEON<\/td>\n<td class=\"has-text-align-left\" data-align=\"left\">DIFFERENT ROLES<\/td>\n<\/tr>\n<\/tbody>\n<\/table>\n<\/figure>\n<p>[\/vc_column_text][vc_column_text]<\/p>\n<h3 class=\"p1\">REPERTOIRE &#8211; CONCERT &#8211; ORATORY<\/h3>\n<p>[\/vc_column_text][vc_column_text]<\/p>\n<figure class=\"wp-block-table is-style-regular\">\n<table class=\"has-black-color has-text-color has-fixed-layout\">\n<thead>\n<tr>\n<th class=\"has-text-align-left\" data-align=\"left\">COMPOSER<\/th>\n<th class=\"has-text-align-left\" data-align=\"left\">MUSICAL WORK<\/th>\n<\/tr>\n<\/thead>\n<tbody>\n<tr>\n<td class=\"has-text-align-left\" data-align=\"left\">CAMILLE SAINT-SA\u00cbNS<\/td>\n<td class=\"has-text-align-left\" data-align=\"left\">ORATORIO DE NO\u00cbL<\/td>\n<\/tr>\n<tr>\n<td class=\"has-text-align-left\" data-align=\"left\">G. ROSSINI<\/td>\n<td class=\"has-text-align-left\" data-align=\"left\">STABAT MATER<\/td>\n<\/tr>\n<tr>\n<td class=\"has-text-align-left\" data-align=\"left\">C. ORFF<\/td>\n<td class=\"has-text-align-left\" data-align=\"left\">CARMINA BURANA<\/td>\n<\/tr>\n<\/tbody>\n<\/table>\n<\/figure>\n<p>[\/vc_column_text][vc_empty_space height=&#8221;50&#8243;][vc_column_text]<\/p>\n<blockquote><p><a href=\"https:\/\/laszlo-music.com\/en\/contact\/\" target=\"_blank\" rel=\"noopener\">We are pleased to receive inquiries for possible engagements, concerts and gala performances with the classical tenor repertoire via our contact page:<\/a><br \/>\n<a href=\"https:\/\/laszlo-music.com\/en\/contact\/\" target=\"_blank\" rel=\"noopener\">Contact &#8211; Inquiries &#8211; Laszlo Maleczky -Tenor<\/a><\/p><\/blockquote>\n<p>[\/vc_column_text][\/vc_column][\/vc_row]<\/p>\n","protected":false},"excerpt":{"rendered":"<p>[vc_row iron_row_type=&#8221;in_container&#8221; iron_remove_padding_medium=&#8221;&#8221; iron_remove_padding_small=&#8221;&#8221; iron_overlay_pattern=&#8221;&#8221; iron_parallax=&#8221;&#8221; iron_bg_video=&#8221;&#8221;][vc_column][vc_column_text] REPERTOIRE &#8211; OPERA [\/vc_column_text][\/vc_column][\/vc_row][vc_row iron_row_type=&#8221;in_container&#8221; iron_remove_padding_medium=&#8221;&#8221; iron_remove_padding_small=&#8221;&#8221; iron_overlay_pattern=&#8221;&#8221; iron_parallax=&#8221;&#8221; iron_bg_video=&#8221;&#8221;][vc_column][vc_column_text] OPERA COMPOSER ROLE CARMEN G. BIZET DON JOS\u00c9 RUSALKA (German) A. DVO\u0158\u00c1K PRINCE PARSIFAL R. WAGNER 1. GRAIL KNIGHT LA TRAVIATA G. VERDI ALFREDO GERMONT THE MAGIC FLUTE W.A. MOZART TAMINO RIGOLETTO G. VERDI DUCA DI MANTOVA DON GIOVANNI W.A. MOZART DON OTTAVIO [\/vc_column_text][vc_column_text] REPERTOIRE &#8211; OPERETTA [\/vc_column_text][vc_column_text] OPERETTA COMPOSER ROLE THE GYPSY BARON J. STRAUSS S\u00c1NDOR BARINKAY THE BAT J. STRAUSS ALFRED [&hellip;]<\/p>\n","protected":false},"author":790,"featured_media":9115,"parent":0,"menu_order":0,"comment_status":"closed","ping_status":"closed","template":"","meta":[],"yoast_head":"<!-- This site is optimized with the Yoast SEO plugin v20.12 - https:\/\/yoast.com\/wordpress\/plugins\/seo\/ -->\n<title>LASZLO MALECZKY -TENOR - REPERTOIRE - OPERA - OPERETTA - CONCERT<\/title>\n<meta name=\"description\" content=\"LASZLO MALECZKY - TENOR - REPERTOIRE - OPERA - OPERETTA - CONCERT - LYRICO SPINTO\" \/>\n<meta name=\"robots\" content=\"index, follow, max-snippet:-1, max-image-preview:large, max-video-preview:-1\" \/>\n<link rel=\"canonical\" href=\"https:\/\/laszlo-music.com\/en\/repertoire-opera-operetta-concert-tenor-laszlo-maleczky-en\/\" \/>\n<meta property=\"og:locale\" content=\"en_US\" \/>\n<meta property=\"og:type\" content=\"article\" \/>\n<meta property=\"og:title\" content=\"LASZLO MALECZKY -TENOR - REPERTOIRE - OPERA - OPERETTA - CONCERT\" \/>\n<meta property=\"og:description\" content=\"LASZLO MALECZKY - TENOR - REPERTOIRE - OPERA - OPERETTA - CONCERT - LYRICO SPINTO\" \/>\n<meta property=\"og:url\" content=\"https:\/\/laszlo-music.com\/en\/repertoire-opera-operetta-concert-tenor-laszlo-maleczky-en\/\" \/>\n<meta property=\"og:site_name\" content=\"OPERA TENOR - LASZLO MALECZKY\" \/>\n<meta property=\"article:modified_time\" content=\"2022-02-05T20:26:40+00:00\" \/>\n<meta property=\"og:image\" content=\"https:\/\/laszlo-music.com\/wp-content\/uploads\/2022\/01\/LASZLO-TENOR-MALECZKY-OPERNTENOR-WIENER-VOLKSOPER-ADORO-IMPULSO-TENORS-1.jpg\" \/>\n\t<meta property=\"og:image:width\" content=\"2200\" \/>\n\t<meta property=\"og:image:height\" content=\"731\" \/>\n\t<meta property=\"og:image:type\" content=\"image\/jpeg\" \/>\n<meta name=\"twitter:card\" content=\"summary_large_image\" \/>\n<meta name=\"twitter:label1\" content=\"Est. reading time\" \/>\n\t<meta name=\"twitter:data1\" content=\"2 minutes\" \/>\n<script type=\"application\/ld+json\" class=\"yoast-schema-graph\">{\"@context\":\"https:\/\/schema.org\",\"@graph\":[{\"@type\":\"WebPage\",\"@id\":\"https:\/\/laszlo-music.com\/en\/repertoire-opera-operetta-concert-tenor-laszlo-maleczky-en\/\",\"url\":\"https:\/\/laszlo-music.com\/en\/repertoire-opera-operetta-concert-tenor-laszlo-maleczky-en\/\",\"name\":\"LASZLO MALECZKY -TENOR - REPERTOIRE - OPERA - OPERETTA - CONCERT\",\"isPartOf\":{\"@id\":\"https:\/\/laszlo-music.com\/#website\"},\"datePublished\":\"2022-01-06T15:00:44+00:00\",\"dateModified\":\"2022-02-05T20:26:40+00:00\",\"description\":\"LASZLO MALECZKY - TENOR - REPERTOIRE - OPERA - OPERETTA - CONCERT - LYRICO SPINTO\",\"breadcrumb\":{\"@id\":\"https:\/\/laszlo-music.com\/en\/repertoire-opera-operetta-concert-tenor-laszlo-maleczky-en\/#breadcrumb\"},\"inLanguage\":\"en-US\",\"potentialAction\":[{\"@type\":\"ReadAction\",\"target\":[\"https:\/\/laszlo-music.com\/en\/repertoire-opera-operetta-concert-tenor-laszlo-maleczky-en\/\"]}]},{\"@type\":\"BreadcrumbList\",\"@id\":\"https:\/\/laszlo-music.com\/en\/repertoire-opera-operetta-concert-tenor-laszlo-maleczky-en\/#breadcrumb\",\"itemListElement\":[{\"@type\":\"ListItem\",\"position\":1,\"name\":\"Startseite\",\"item\":\"https:\/\/laszlo-music.com\/en\/offizielle-website-3\/\"},{\"@type\":\"ListItem\",\"position\":2,\"name\":\"REPERTOIRE &#8211; OPERA &#8211; OPERETTA &#8211; CONCERT &#8211; TENOR &#8211; LASZLO MALECZKY\"}]},{\"@type\":\"WebSite\",\"@id\":\"https:\/\/laszlo-music.com\/#website\",\"url\":\"https:\/\/laszlo-music.com\/\",\"name\":\"OPERA TENOR - LASZLO MALECZKY\",\"description\":\"LASZLO | OPERN TENOR | KLASSIK-POP-TENOR | TENOR BEI IMPULSO\",\"potentialAction\":[{\"@type\":\"SearchAction\",\"target\":{\"@type\":\"EntryPoint\",\"urlTemplate\":\"https:\/\/laszlo-music.com\/?s={search_term_string}\"},\"query-input\":\"required name=search_term_string\"}],\"inLanguage\":\"en-US\"}]}<\/script>\n<!-- \/ Yoast SEO plugin. -->","yoast_head_json":{"title":"LASZLO MALECZKY -TENOR - REPERTOIRE - OPERA - OPERETTA - CONCERT","description":"LASZLO MALECZKY - TENOR - REPERTOIRE - OPERA - OPERETTA - CONCERT - LYRICO SPINTO","robots":{"index":"index","follow":"follow","max-snippet":"max-snippet:-1","max-image-preview":"max-image-preview:large","max-video-preview":"max-video-preview:-1"},"canonical":"https:\/\/laszlo-music.com\/en\/repertoire-opera-operetta-concert-tenor-laszlo-maleczky-en\/","og_locale":"en_US","og_type":"article","og_title":"LASZLO MALECZKY -TENOR - REPERTOIRE - OPERA - OPERETTA - CONCERT","og_description":"LASZLO MALECZKY - TENOR - REPERTOIRE - OPERA - OPERETTA - CONCERT - LYRICO SPINTO","og_url":"https:\/\/laszlo-music.com\/en\/repertoire-opera-operetta-concert-tenor-laszlo-maleczky-en\/","og_site_name":"OPERA TENOR - LASZLO MALECZKY","article_modified_time":"2022-02-05T20:26:40+00:00","og_image":[{"width":2200,"height":731,"url":"https:\/\/laszlo-music.com\/wp-content\/uploads\/2022\/01\/LASZLO-TENOR-MALECZKY-OPERNTENOR-WIENER-VOLKSOPER-ADORO-IMPULSO-TENORS-1.jpg","type":"image\/jpeg"}],"twitter_card":"summary_large_image","twitter_misc":{"Est. reading time":"2 minutes"},"schema":{"@context":"https:\/\/schema.org","@graph":[{"@type":"WebPage","@id":"https:\/\/laszlo-music.com\/en\/repertoire-opera-operetta-concert-tenor-laszlo-maleczky-en\/","url":"https:\/\/laszlo-music.com\/en\/repertoire-opera-operetta-concert-tenor-laszlo-maleczky-en\/","name":"LASZLO MALECZKY -TENOR - REPERTOIRE - OPERA - OPERETTA - CONCERT","isPartOf":{"@id":"https:\/\/laszlo-music.com\/#website"},"datePublished":"2022-01-06T15:00:44+00:00","dateModified":"2022-02-05T20:26:40+00:00","description":"LASZLO MALECZKY - TENOR - REPERTOIRE - OPERA - OPERETTA - CONCERT - LYRICO SPINTO","breadcrumb":{"@id":"https:\/\/laszlo-music.com\/en\/repertoire-opera-operetta-concert-tenor-laszlo-maleczky-en\/#breadcrumb"},"inLanguage":"en-US","potentialAction":[{"@type":"ReadAction","target":["https:\/\/laszlo-music.com\/en\/repertoire-opera-operetta-concert-tenor-laszlo-maleczky-en\/"]}]},{"@type":"BreadcrumbList","@id":"https:\/\/laszlo-music.com\/en\/repertoire-opera-operetta-concert-tenor-laszlo-maleczky-en\/#breadcrumb","itemListElement":[{"@type":"ListItem","position":1,"name":"Startseite","item":"https:\/\/laszlo-music.com\/en\/offizielle-website-3\/"},{"@type":"ListItem","position":2,"name":"REPERTOIRE &#8211; OPERA &#8211; OPERETTA &#8211; CONCERT &#8211; TENOR &#8211; LASZLO MALECZKY"}]},{"@type":"WebSite","@id":"https:\/\/laszlo-music.com\/#website","url":"https:\/\/laszlo-music.com\/","name":"OPERA TENOR - LASZLO MALECZKY","description":"LASZLO | OPERN TENOR | KLASSIK-POP-TENOR | TENOR BEI IMPULSO","potentialAction":[{"@type":"SearchAction","target":{"@type":"EntryPoint","urlTemplate":"https:\/\/laszlo-music.com\/?s={search_term_string}"},"query-input":"required name=search_term_string"}],"inLanguage":"en-US"}]}},"_links":{"self":[{"href":"https:\/\/laszlo-music.com\/en\/wp-json\/wp\/v2\/pages\/8905"}],"collection":[{"href":"https:\/\/laszlo-music.com\/en\/wp-json\/wp\/v2\/pages"}],"about":[{"href":"https:\/\/laszlo-music.com\/en\/wp-json\/wp\/v2\/types\/page"}],"author":[{"embeddable":true,"href":"https:\/\/laszlo-music.com\/en\/wp-json\/wp\/v2\/users\/790"}],"replies":[{"embeddable":true,"href":"https:\/\/laszlo-music.com\/en\/wp-json\/wp\/v2\/comments?post=8905"}],"version-history":[{"count":6,"href":"https:\/\/laszlo-music.com\/en\/wp-json\/wp\/v2\/pages\/8905\/revisions"}],"predecessor-version":[{"id":9641,"href":"https:\/\/laszlo-music.com\/en\/wp-json\/wp\/v2\/pages\/8905\/revisions\/9641"}],"wp:featuredmedia":[{"embeddable":true,"href":"https:\/\/laszlo-music.com\/en\/wp-json\/wp\/v2\/media\/9115"}],"wp:attachment":[{"href":"https:\/\/laszlo-music.com\/en\/wp-json\/wp\/v2\/media?parent=8905"}],"curies":[{"name":"wp","href":"https:\/\/api.w.org\/{rel}","templated":true}]}}